{"id":116,"date":"2022-07-15T19:15:07","date_gmt":"2022-07-15T19:15:07","guid":{"rendered":"https:\/\/acia.asso.fr\/?page_id=116"},"modified":"2025-07-27T17:07:07","modified_gmt":"2025-07-27T17:07:07","slug":"notre-activite","status":"publish","type":"page","link":"https:\/\/acia.asso.fr\/index.php\/notre-activite\/","title":{"rendered":"Notre activit\u00e9"},"content":{"rendered":"<p>[et_pb_section fb_built=\u00a0\u00bb1&Prime; _builder_version=\u00a0\u00bb4.21.0&Prime; background_image=\u00a0\u00bbhttps:\/\/acia.asso.fr\/wp-content\/uploads\/2019\/05\/Capture-d\u2019e\u0301cran-2019-05-11-a\u0300-13.56.38.png\u00a0\u00bb custom_margin=\u00a0\u00bb||0px||false|false\u00a0\u00bb custom_padding=\u00a0\u00bb241px||0px|||\u00a0\u00bb global_colors_info=\u00a0\u00bb{}\u00a0\u00bb][\/et_pb_section][et_pb_section fb_built=\u00a0\u00bb1&Prime; admin_label=\u00a0\u00bbPortfolio\u00a0\u00bb _builder_version=\u00a0\u00bb4.21.0&Prime; custom_padding=\u00a0\u00bb46px|||||\u00a0\u00bb global_colors_info=\u00a0\u00bb{}\u00a0\u00bb][et_pb_row use_custom_gutter=\u00a0\u00bbon\u00a0\u00bb gutter_width=\u00a0\u00bb4&Prime; make_equal=\u00a0\u00bbon\u00a0\u00bb _builder_version=\u00a0\u00bb4.16&Prime; global_colors_info=\u00a0\u00bb{}\u00a0\u00bb][et_pb_column type=\u00a0\u00bb4_4&Prime; _builder_version=\u00a0\u00bb4.16&Prime; custom_padding=\u00a0\u00bb|||\u00a0\u00bb global_colors_info=\u00a0\u00bb{}\u00a0\u00bb custom_padding__hover=\u00a0\u00bb|||\u00a0\u00bb][et_pb_text _builder_version=\u00a0\u00bb4.16&Prime; text_font=\u00a0\u00bbLato||||||||\u00a0\u00bb text_font_size=\u00a0\u00bb20px\u00a0\u00bb text_line_height=\u00a0\u00bb1.8em\u00a0\u00bb header_font=\u00a0\u00bbOswald|300|||||||\u00a0\u00bb header_font_size=\u00a0\u00bb54px\u00a0\u00bb header_line_height=\u00a0\u00bb1.3em\u00a0\u00bb header_6_font=\u00a0\u00bbLato|700||on|||||\u00a0\u00bb header_6_text_color=\u00a0\u00bb#ff6e77&Prime; header_6_line_height=\u00a0\u00bb1.8em\u00a0\u00bb custom_margin=\u00a0\u00bb|||\u00a0\u00bb custom_padding=\u00a0\u00bb|||\u00a0\u00bb custom_padding_phone=\u00a0\u00bb30px||30px||true\u00a0\u00bb custom_padding_last_edited=\u00a0\u00bboff|desktop\u00a0\u00bb header_font_size_tablet=\u00a0\u00bb\u00a0\u00bb header_font_size_phone=\u00a0\u00bb36px\u00a0\u00bb header_font_size_last_edited=\u00a0\u00bbon|phone\u00a0\u00bb global_colors_info=\u00a0\u00bb{}\u00a0\u00bb]<\/p>\n<h6><span style=\"color: #e02b20;\">ensemble<\/span><\/h6>\n<h1>Une activit\u00e9 unique<\/h1>\n<h1><span style=\"color: #e02b20;\">de percussions !<\/span><\/h1>\n<p>[\/et_pb_text][\/et_pb_column][\/et_pb_row][et_pb_row column_structure=\u00a0\u00bb1_2,1_2&Prime; use_custom_gutter=\u00a0\u00bbon\u00a0\u00bb gutter_width=\u00a0\u00bb4&Prime; make_equal=\u00a0\u00bbon\u00a0\u00bb _builder_version=\u00a0\u00bb4.16&Prime; global_colors_info=\u00a0\u00bb{}\u00a0\u00bb][et_pb_column type=\u00a0\u00bb1_2&Prime; _builder_version=\u00a0\u00bb4.16&Prime; custom_padding=\u00a0\u00bb|||\u00a0\u00bb global_colors_info=\u00a0\u00bb{}\u00a0\u00bb custom_padding__hover=\u00a0\u00bb|||\u00a0\u00bb][et_pb_blurb title=\u00a0\u00bbnos cours-stages &#038; TARIFS\u00a0\u00bb image=\u00a0\u00bbhttps:\/\/acia.asso.fr\/wp-content\/uploads\/2019\/05\/cours-V2.png\u00a0\u00bb _builder_version=\u00a0\u00bb4.16&Prime; header_font=\u00a0\u00bbLato|700|||||||\u00a0\u00bb header_font_size=\u00a0\u00bb15px\u00a0\u00bb header_line_height=\u00a0\u00bb1.5em\u00a0\u00bb body_font=\u00a0\u00bbLato|||on|||||\u00a0\u00bb body_font_size=\u00a0\u00bb12px\u00a0\u00bb body_letter_spacing=\u00a0\u00bb1px\u00a0\u00bb body_line_height=\u00a0\u00bb1.8em\u00a0\u00bb text_orientation=\u00a0\u00bbcenter\u00a0\u00bb custom_margin=\u00a0\u00bb||-2px|||\u00a0\u00bb animation_style=\u00a0\u00bbfade\u00a0\u00bb animation=\u00a0\u00bboff\u00a0\u00bb locked=\u00a0\u00bboff\u00a0\u00bb global_colors_info=\u00a0\u00bb{}\u00a0\u00bb]<\/p>\n<p>Nous vous proposons diff\u00e9rentes formules pour que vous puissiez \u00eatre en osmose avec vous m\u00eame.<\/p>\n<p>[\/et_pb_blurb][et_pb_button button_url=\u00a0\u00bbhttps:\/\/acia.asso.fr\/index.php\/tarifs\/\u00a0\u00bb button_text=\u00a0\u00bbEn savoir plus\u00a0\u00bb button_alignment=\u00a0\u00bbcenter\u00a0\u00bb _builder_version=\u00a0\u00bb4.16&Prime; custom_button=\u00a0\u00bbon\u00a0\u00bb button_text_size=\u00a0\u00bb13px\u00a0\u00bb button_bg_color=\u00a0\u00bb#e02b20&Prime; button_bg_color_gradient_direction=\u00a0\u00bb90deg\u00a0\u00bb button_bg_color_gradient_stops=\u00a0\u00bb#ff6c6e 0%|#ff7494 100%\u00a0\u00bb button_bg_color_gradient_start=\u00a0\u00bb#ff6c6e\u00a0\u00bb button_bg_color_gradient_end=\u00a0\u00bb#ff7494&Prime; button_border_width=\u00a0\u00bb0px\u00a0\u00bb button_border_color=\u00a0\u00bb#ff6e77&Prime; button_border_radius=\u00a0\u00bb50px\u00a0\u00bb button_letter_spacing=\u00a0\u00bb1px\u00a0\u00bb button_font=\u00a0\u00bbPoppins|500||on|||||\u00a0\u00bb button_icon=\u00a0\u00bb&#x24;||divi||400&Prime; background_layout=\u00a0\u00bbdark\u00a0\u00bb custom_margin=\u00a0\u00bb25px|||||\u00a0\u00bb custom_padding=\u00a0\u00bb16px|36px|16px|36px|true|true\u00a0\u00bb hover_enabled=\u00a0\u00bb0&Prime; global_colors_info=\u00a0\u00bb{}\u00a0\u00bb button_text_size__hover_enabled=\u00a0\u00bboff\u00a0\u00bb button_one_text_size__hover_enabled=\u00a0\u00bboff\u00a0\u00bb button_two_text_size__hover_enabled=\u00a0\u00bboff\u00a0\u00bb button_text_color__hover_enabled=\u00a0\u00bboff\u00a0\u00bb button_one_text_color__hover_enabled=\u00a0\u00bboff\u00a0\u00bb button_two_text_color__hover_enabled=\u00a0\u00bboff\u00a0\u00bb button_border_width__hover_enabled=\u00a0\u00bboff\u00a0\u00bb button_one_border_width__hover_enabled=\u00a0\u00bboff\u00a0\u00bb button_two_border_width__hover_enabled=\u00a0\u00bboff\u00a0\u00bb button_border_color__hover_enabled=\u00a0\u00bboff\u00a0\u00bb button_one_border_color__hover_enabled=\u00a0\u00bboff\u00a0\u00bb button_two_border_color__hover_enabled=\u00a0\u00bboff\u00a0\u00bb button_border_radius__hover_enabled=\u00a0\u00bboff\u00a0\u00bb button_one_border_radius__hover_enabled=\u00a0\u00bboff\u00a0\u00bb button_two_border_radius__hover_enabled=\u00a0\u00bboff\u00a0\u00bb button_letter_spacing__hover_enabled=\u00a0\u00bboff\u00a0\u00bb button_one_letter_spacing__hover_enabled=\u00a0\u00bboff\u00a0\u00bb button_two_letter_spacing__hover_enabled=\u00a0\u00bboff\u00a0\u00bb button_bg_color__hover_enabled=\u00a0\u00bboff\u00a0\u00bb button_one_bg_color__hover_enabled=\u00a0\u00bboff\u00a0\u00bb button_two_bg_color__hover_enabled=\u00a0\u00bboff\u00a0\u00bb sticky_enabled=\u00a0\u00bb0&Prime;][\/et_pb_button][\/et_pb_column][et_pb_column type=\u00a0\u00bb1_2&Prime; _builder_version=\u00a0\u00bb4.16&Prime; custom_padding=\u00a0\u00bb100px|||\u00a0\u00bb custom_padding_tablet=\u00a0\u00bb0px|||\u00a0\u00bb custom_padding_phone=\u00a0\u00bb\u00a0\u00bb custom_padding_last_edited=\u00a0\u00bbon|tablet\u00a0\u00bb global_colors_info=\u00a0\u00bb{}\u00a0\u00bb custom_padding__hover=\u00a0\u00bb|||\u00a0\u00bb][et_pb_blurb title=\u00a0\u00bbnos manifestations\u00a0\u00bb image=\u00a0\u00bbhttps:\/\/acia.asso.fr\/wp-content\/uploads\/2019\/05\/MANIFS.png\u00a0\u00bb _builder_version=\u00a0\u00bb4.16&Prime; header_font=\u00a0\u00bbLato|700|||||||\u00a0\u00bb header_font_size=\u00a0\u00bb15px\u00a0\u00bb header_line_height=\u00a0\u00bb1.5em\u00a0\u00bb body_font=\u00a0\u00bbLato|||on|||||\u00a0\u00bb body_font_size=\u00a0\u00bb12px\u00a0\u00bb body_letter_spacing=\u00a0\u00bb1px\u00a0\u00bb body_line_height=\u00a0\u00bb1.8em\u00a0\u00bb text_orientation=\u00a0\u00bbcenter\u00a0\u00bb custom_margin=\u00a0\u00bb-170px||2px|||\u00a0\u00bb custom_margin_tablet=\u00a0\u00bb-170px||2px|||\u00a0\u00bb custom_margin_phone=\u00a0\u00bb0px||2px||false|false\u00a0\u00bb custom_margin_last_edited=\u00a0\u00bbon|phone\u00a0\u00bb animation_style=\u00a0\u00bbfade\u00a0\u00bb animation=\u00a0\u00bboff\u00a0\u00bb global_colors_info=\u00a0\u00bb{}\u00a0\u00bb]<\/p>\n<p>Nous sommes pr\u00e9sents dans diff\u00e9rentes manifestations de rue comme les \u00e9v\u00e8nements culturels ou bien sportifs.<\/p>\n<p>[\/et_pb_blurb][et_pb_button button_url=\u00a0\u00bb@ET-DC@eyJkeW5hbWljIjp0cnVlLCJjb250ZW50IjoicG9zdF9saW5rX3VybF9hdHRhY2htZW50Iiwic2V0dGluZ3MiOnsicG9zdF9pZCI6IjI1MTkifX0=@\u00a0\u00bb button_text=\u00a0\u00bbEn savoir plus\u00a0\u00bb button_alignment=\u00a0\u00bbcenter\u00a0\u00bb _builder_version=\u00a0\u00bb4.27.4&Prime; custom_button=\u00a0\u00bbon\u00a0\u00bb button_text_size=\u00a0\u00bb13px\u00a0\u00bb button_bg_color=\u00a0\u00bb#e02b20&Prime; button_bg_color_gradient_direction=\u00a0\u00bb90deg\u00a0\u00bb button_bg_color_gradient_stops=\u00a0\u00bb#ff6c6e 0%|#ff7494 100%\u00a0\u00bb button_bg_color_gradient_start=\u00a0\u00bb#ff6c6e\u00a0\u00bb button_bg_color_gradient_end=\u00a0\u00bb#ff7494&Prime; button_border_width=\u00a0\u00bb0px\u00a0\u00bb button_border_color=\u00a0\u00bb#ff6e77&Prime; button_border_radius=\u00a0\u00bb50px\u00a0\u00bb button_letter_spacing=\u00a0\u00bb1px\u00a0\u00bb button_font=\u00a0\u00bbPoppins|500||on|||||\u00a0\u00bb button_icon=\u00a0\u00bb&#x24;||divi||400&Prime; background_layout=\u00a0\u00bbdark\u00a0\u00bb custom_margin=\u00a0\u00bb25px|||||\u00a0\u00bb custom_padding=\u00a0\u00bb16px|36px|16px|36px|true|true\u00a0\u00bb hover_enabled=\u00a0\u00bb0&Prime; global_colors_info=\u00a0\u00bb{}\u00a0\u00bb button_text_size__hover_enabled=\u00a0\u00bboff\u00a0\u00bb button_one_text_size__hover_enabled=\u00a0\u00bboff\u00a0\u00bb button_two_text_size__hover_enabled=\u00a0\u00bboff\u00a0\u00bb button_text_color__hover_enabled=\u00a0\u00bboff\u00a0\u00bb button_one_text_color__hover_enabled=\u00a0\u00bboff\u00a0\u00bb button_two_text_color__hover_enabled=\u00a0\u00bboff\u00a0\u00bb button_border_width__hover_enabled=\u00a0\u00bboff\u00a0\u00bb button_one_border_width__hover_enabled=\u00a0\u00bboff\u00a0\u00bb button_two_border_width__hover_enabled=\u00a0\u00bboff\u00a0\u00bb button_border_color__hover_enabled=\u00a0\u00bboff\u00a0\u00bb button_one_border_color__hover_enabled=\u00a0\u00bboff\u00a0\u00bb button_two_border_color__hover_enabled=\u00a0\u00bboff\u00a0\u00bb button_border_radius__hover_enabled=\u00a0\u00bboff\u00a0\u00bb button_one_border_radius__hover_enabled=\u00a0\u00bboff\u00a0\u00bb button_two_border_radius__hover_enabled=\u00a0\u00bboff\u00a0\u00bb button_letter_spacing__hover_enabled=\u00a0\u00bboff\u00a0\u00bb button_one_letter_spacing__hover_enabled=\u00a0\u00bboff\u00a0\u00bb button_two_letter_spacing__hover_enabled=\u00a0\u00bboff\u00a0\u00bb button_bg_color__hover_enabled=\u00a0\u00bboff\u00a0\u00bb button_one_bg_color__hover_enabled=\u00a0\u00bboff\u00a0\u00bb button_two_bg_color__hover_enabled=\u00a0\u00bboff\u00a0\u00bb sticky_enabled=\u00a0\u00bb0&Prime; _dynamic_attributes=\u00a0\u00bbbutton_url\u00a0\u00bb][\/et_pb_button][et_pb_button button_url=\u00a0\u00bb@ET-DC@eyJkeW5hbWljIjp0cnVlLCJjb250ZW50IjoicG9zdF9saW5rX3VybF9hdHRhY2htZW50Iiwic2V0dGluZ3MiOnsicG9zdF9pZCI6IjI1MTkifX0=@\u00a0\u00bb button_text=\u00a0\u00bbEn savoir plus\u00a0\u00bb button_alignment=\u00a0\u00bbcenter\u00a0\u00bb _builder_version=\u00a0\u00bb4.27.4&Prime; custom_button=\u00a0\u00bbon\u00a0\u00bb button_text_size=\u00a0\u00bb13px\u00a0\u00bb button_bg_color=\u00a0\u00bb#e02b20&Prime; button_bg_color_gradient_direction=\u00a0\u00bb90deg\u00a0\u00bb button_bg_color_gradient_stops=\u00a0\u00bb#ff6c6e 0%|#ff7494 100%\u00a0\u00bb button_bg_color_gradient_start=\u00a0\u00bb#ff6c6e\u00a0\u00bb button_bg_color_gradient_end=\u00a0\u00bb#ff7494&Prime; button_border_width=\u00a0\u00bb0px\u00a0\u00bb button_border_color=\u00a0\u00bb#ff6e77&Prime; button_border_radius=\u00a0\u00bb50px\u00a0\u00bb button_letter_spacing=\u00a0\u00bb1px\u00a0\u00bb button_font=\u00a0\u00bbPoppins|500||on|||||\u00a0\u00bb button_icon=\u00a0\u00bb&#x24;||divi||400&Prime; background_layout=\u00a0\u00bbdark\u00a0\u00bb custom_margin=\u00a0\u00bb25px|||||\u00a0\u00bb custom_padding=\u00a0\u00bb16px|36px|16px|36px|true|true\u00a0\u00bb hover_enabled=\u00a0\u00bb0&Prime; global_colors_info=\u00a0\u00bb{}\u00a0\u00bb button_text_size__hover_enabled=\u00a0\u00bboff\u00a0\u00bb button_one_text_size__hover_enabled=\u00a0\u00bboff\u00a0\u00bb button_two_text_size__hover_enabled=\u00a0\u00bboff\u00a0\u00bb button_text_color__hover_enabled=\u00a0\u00bboff\u00a0\u00bb button_one_text_color__hover_enabled=\u00a0\u00bboff\u00a0\u00bb button_two_text_color__hover_enabled=\u00a0\u00bboff\u00a0\u00bb button_border_width__hover_enabled=\u00a0\u00bboff\u00a0\u00bb button_one_border_width__hover_enabled=\u00a0\u00bboff\u00a0\u00bb button_two_border_width__hover_enabled=\u00a0\u00bboff\u00a0\u00bb button_border_color__hover_enabled=\u00a0\u00bboff\u00a0\u00bb button_one_border_color__hover_enabled=\u00a0\u00bboff\u00a0\u00bb button_two_border_color__hover_enabled=\u00a0\u00bboff\u00a0\u00bb button_border_radius__hover_enabled=\u00a0\u00bboff\u00a0\u00bb button_one_border_radius__hover_enabled=\u00a0\u00bboff\u00a0\u00bb button_two_border_radius__hover_enabled=\u00a0\u00bboff\u00a0\u00bb button_letter_spacing__hover_enabled=\u00a0\u00bboff\u00a0\u00bb button_one_letter_spacing__hover_enabled=\u00a0\u00bboff\u00a0\u00bb button_two_letter_spacing__hover_enabled=\u00a0\u00bboff\u00a0\u00bb button_bg_color__hover_enabled=\u00a0\u00bboff\u00a0\u00bb button_one_bg_color__hover_enabled=\u00a0\u00bboff\u00a0\u00bb button_two_bg_color__hover_enabled=\u00a0\u00bboff\u00a0\u00bb sticky_enabled=\u00a0\u00bb0&Prime; _dynamic_attributes=\u00a0\u00bbbutton_url\u00a0\u00bb][\/et_pb_button][\/et_pb_column][\/et_pb_row][\/et_pb_section]<\/p>\n","protected":false},"excerpt":{"rendered":"<p>ensemble Une activit\u00e9 unique de percussions !Nous vous proposons diff\u00e9rentes formules pour que vous puissiez \u00eatre en osmose avec vous m\u00eame.Nous sommes pr\u00e9sents dans diff\u00e9rentes manifestations de rue comme les \u00e9v\u00e8nements culturels ou bien sportifs.<\/p>\n","protected":false},"author":4,"featured_media":0,"parent":0,"menu_order":0,"comment_status":"closed","ping_status":"closed","template":"","meta":{"_et_pb_use_builder":"on","_et_pb_old_content":"","_et_gb_content_width":"","_exactmetrics_skip_tracking":false,"_exactmetrics_sitenote_active":false,"_exactmetrics_sitenote_note":"","_exactmetrics_sitenote_category":0,"footnotes":""},"class_list":["post-116","page","type-page","status-publish","hentry"],"yoast_head":"<!-- This site is optimized with the Yoast SEO plugin v24.9 - https:\/\/yoast.com\/wordpress\/plugins\/seo\/ -->\n<title>Notre activit\u00e9 - ACIA Percu<\/title>\n<meta name=\"description\" content=\"L&#039;activit\u00e9 de la percussion avec l&#039;association ACIA (Arts et Cultures d&#039;Ici et d&#039;Ailleurs) reprend le le vendredi 15 septembre 2023 au Perreux. Visitez le site :https:\/\/acia.asso.fr ou adressez nous un mail : contact@acia.asso.fr\" \/>\n<meta name=\"robots\" content=\"index, follow, max-snippet:-1, max-image-preview:large, max-video-preview:-1\" \/>\n<link rel=\"canonical\" href=\"https:\/\/acia.asso.fr\/index.php\/notre-activite\/\" \/>\n<meta property=\"og:locale\" content=\"fr_FR\" \/>\n<meta property=\"og:type\" content=\"article\" \/>\n<meta property=\"og:title\" content=\"Notre activit\u00e9 - ACIA Percu\" \/>\n<meta property=\"og:description\" content=\"L&#039;activit\u00e9 de la percussion avec l&#039;association ACIA (Arts et Cultures d&#039;Ici et d&#039;Ailleurs) reprend le le vendredi 15 septembre 2023 au Perreux. Visitez le site :https:\/\/acia.asso.fr ou adressez nous un mail : contact@acia.asso.fr\" \/>\n<meta property=\"og:url\" content=\"https:\/\/acia.asso.fr\/index.php\/notre-activite\/\" \/>\n<meta property=\"og:site_name\" content=\"ACIA Percu\" \/>\n<meta property=\"article:publisher\" content=\"https:\/\/www.facebook.com\/Percu.acia\" \/>\n<meta property=\"article:modified_time\" content=\"2025-07-27T17:07:07+00:00\" \/>\n<meta property=\"og:image\" content=\"https:\/\/acia.asso.fr\/wp-content\/uploads\/2023\/01\/logo-ACIA-23.jpg\" \/>\n\t<meta property=\"og:image:width\" content=\"960\" \/>\n\t<meta property=\"og:image:height\" content=\"720\" \/>\n\t<meta property=\"og:image:type\" content=\"image\/jpeg\" \/>\n<meta name=\"twitter:card\" content=\"summary_large_image\" \/>\n<meta name=\"twitter:label1\" content=\"Dur\u00e9e de lecture estim\u00e9e\" \/>\n\t<meta name=\"twitter:data1\" content=\"2 minutes\" \/>\n<script type=\"application\/ld+json\" class=\"yoast-schema-graph\">{\"@context\":\"https:\/\/schema.org\",\"@graph\":[{\"@type\":\"WebPage\",\"@id\":\"https:\/\/acia.asso.fr\/index.php\/notre-activite\/\",\"url\":\"https:\/\/acia.asso.fr\/index.php\/notre-activite\/\",\"name\":\"Notre activit\u00e9 - ACIA Percu\",\"isPartOf\":{\"@id\":\"https:\/\/acia.asso.fr\/#website\"},\"datePublished\":\"2022-07-15T19:15:07+00:00\",\"dateModified\":\"2025-07-27T17:07:07+00:00\",\"description\":\"L'activit\u00e9 de la percussion avec l'association ACIA (Arts et Cultures d'Ici et d'Ailleurs) reprend le le vendredi 15 septembre 2023 au Perreux. Visitez le site :https:\/\/acia.asso.fr ou adressez nous un mail : contact@acia.asso.fr\",\"breadcrumb\":{\"@id\":\"https:\/\/acia.asso.fr\/index.php\/notre-activite\/#breadcrumb\"},\"inLanguage\":\"fr-FR\",\"potentialAction\":[{\"@type\":\"ReadAction\",\"target\":[\"https:\/\/acia.asso.fr\/index.php\/notre-activite\/\"]}]},{\"@type\":\"BreadcrumbList\",\"@id\":\"https:\/\/acia.asso.fr\/index.php\/notre-activite\/#breadcrumb\",\"itemListElement\":[{\"@type\":\"ListItem\",\"position\":1,\"name\":\"Home\",\"item\":\"https:\/\/acia.asso.fr\/\"},{\"@type\":\"ListItem\",\"position\":2,\"name\":\"Notre activit\u00e9\"}]},{\"@type\":\"WebSite\",\"@id\":\"https:\/\/acia.asso.fr\/#website\",\"url\":\"https:\/\/acia.asso.fr\/\",\"name\":\"ACIA Percu\",\"description\":\"Le plaisir musical partag\u00e9\",\"publisher\":{\"@id\":\"https:\/\/acia.asso.fr\/#organization\"},\"alternateName\":\"Acia asso\",\"potentialAction\":[{\"@type\":\"SearchAction\",\"target\":{\"@type\":\"EntryPoint\",\"urlTemplate\":\"https:\/\/acia.asso.fr\/?s={search_term_string}\"},\"query-input\":{\"@type\":\"PropertyValueSpecification\",\"valueRequired\":true,\"valueName\":\"search_term_string\"}}],\"inLanguage\":\"fr-FR\"},{\"@type\":\"Organization\",\"@id\":\"https:\/\/acia.asso.fr\/#organization\",\"name\":\"ACIA\",\"alternateName\":\"Asso\",\"url\":\"https:\/\/acia.asso.fr\/\",\"logo\":{\"@type\":\"ImageObject\",\"inLanguage\":\"fr-FR\",\"@id\":\"https:\/\/acia.asso.fr\/#\/schema\/logo\/image\/\",\"url\":\"https:\/\/acia.asso.fr\/wp-content\/uploads\/2023\/01\/logo-ACIA-23.jpg\",\"contentUrl\":\"https:\/\/acia.asso.fr\/wp-content\/uploads\/2023\/01\/logo-ACIA-23.jpg\",\"width\":960,\"height\":720,\"caption\":\"ACIA\"},\"image\":{\"@id\":\"https:\/\/acia.asso.fr\/#\/schema\/logo\/image\/\"},\"sameAs\":[\"https:\/\/www.facebook.com\/Percu.acia\"]}]}<\/script>\n<!-- \/ Yoast SEO plugin. -->","yoast_head_json":{"title":"Notre activit\u00e9 - ACIA Percu","description":"L'activit\u00e9 de la percussion avec l'association ACIA (Arts et Cultures d'Ici et d'Ailleurs) reprend le le vendredi 15 septembre 2023 au Perreux. Visitez le site :https:\/\/acia.asso.fr ou adressez nous un mail : contact@acia.asso.fr","robots":{"index":"index","follow":"follow","max-snippet":"max-snippet:-1","max-image-preview":"max-image-preview:large","max-video-preview":"max-video-preview:-1"},"canonical":"https:\/\/acia.asso.fr\/index.php\/notre-activite\/","og_locale":"fr_FR","og_type":"article","og_title":"Notre activit\u00e9 - ACIA Percu","og_description":"L'activit\u00e9 de la percussion avec l'association ACIA (Arts et Cultures d'Ici et d'Ailleurs) reprend le le vendredi 15 septembre 2023 au Perreux. Visitez le site :https:\/\/acia.asso.fr ou adressez nous un mail : contact@acia.asso.fr","og_url":"https:\/\/acia.asso.fr\/index.php\/notre-activite\/","og_site_name":"ACIA Percu","article_publisher":"https:\/\/www.facebook.com\/Percu.acia","article_modified_time":"2025-07-27T17:07:07+00:00","og_image":[{"width":960,"height":720,"url":"https:\/\/acia.asso.fr\/wp-content\/uploads\/2023\/01\/logo-ACIA-23.jpg","type":"image\/jpeg"}],"twitter_card":"summary_large_image","twitter_misc":{"Dur\u00e9e de lecture estim\u00e9e":"2 minutes"},"schema":{"@context":"https:\/\/schema.org","@graph":[{"@type":"WebPage","@id":"https:\/\/acia.asso.fr\/index.php\/notre-activite\/","url":"https:\/\/acia.asso.fr\/index.php\/notre-activite\/","name":"Notre activit\u00e9 - ACIA Percu","isPartOf":{"@id":"https:\/\/acia.asso.fr\/#website"},"datePublished":"2022-07-15T19:15:07+00:00","dateModified":"2025-07-27T17:07:07+00:00","description":"L'activit\u00e9 de la percussion avec l'association ACIA (Arts et Cultures d'Ici et d'Ailleurs) reprend le le vendredi 15 septembre 2023 au Perreux. Visitez le site :https:\/\/acia.asso.fr ou adressez nous un mail : contact@acia.asso.fr","breadcrumb":{"@id":"https:\/\/acia.asso.fr\/index.php\/notre-activite\/#breadcrumb"},"inLanguage":"fr-FR","potentialAction":[{"@type":"ReadAction","target":["https:\/\/acia.asso.fr\/index.php\/notre-activite\/"]}]},{"@type":"BreadcrumbList","@id":"https:\/\/acia.asso.fr\/index.php\/notre-activite\/#breadcrumb","itemListElement":[{"@type":"ListItem","position":1,"name":"Home","item":"https:\/\/acia.asso.fr\/"},{"@type":"ListItem","position":2,"name":"Notre activit\u00e9"}]},{"@type":"WebSite","@id":"https:\/\/acia.asso.fr\/#website","url":"https:\/\/acia.asso.fr\/","name":"ACIA Percu","description":"Le plaisir musical partag\u00e9","publisher":{"@id":"https:\/\/acia.asso.fr\/#organization"},"alternateName":"Acia asso","potentialAction":[{"@type":"SearchAction","target":{"@type":"EntryPoint","urlTemplate":"https:\/\/acia.asso.fr\/?s={search_term_string}"},"query-input":{"@type":"PropertyValueSpecification","valueRequired":true,"valueName":"search_term_string"}}],"inLanguage":"fr-FR"},{"@type":"Organization","@id":"https:\/\/acia.asso.fr\/#organization","name":"ACIA","alternateName":"Asso","url":"https:\/\/acia.asso.fr\/","logo":{"@type":"ImageObject","inLanguage":"fr-FR","@id":"https:\/\/acia.asso.fr\/#\/schema\/logo\/image\/","url":"https:\/\/acia.asso.fr\/wp-content\/uploads\/2023\/01\/logo-ACIA-23.jpg","contentUrl":"https:\/\/acia.asso.fr\/wp-content\/uploads\/2023\/01\/logo-ACIA-23.jpg","width":960,"height":720,"caption":"ACIA"},"image":{"@id":"https:\/\/acia.asso.fr\/#\/schema\/logo\/image\/"},"sameAs":["https:\/\/www.facebook.com\/Percu.acia"]}]}},"_links":{"self":[{"href":"https:\/\/acia.asso.fr\/index.php\/wp-json\/wp\/v2\/pages\/116","targetHints":{"allow":["GET"]}}],"collection":[{"href":"https:\/\/acia.asso.fr\/index.php\/wp-json\/wp\/v2\/pages"}],"about":[{"href":"https:\/\/acia.asso.fr\/index.php\/wp-json\/wp\/v2\/types\/page"}],"author":[{"embeddable":true,"href":"https:\/\/acia.asso.fr\/index.php\/wp-json\/wp\/v2\/users\/4"}],"replies":[{"embeddable":true,"href":"https:\/\/acia.asso.fr\/index.php\/wp-json\/wp\/v2\/comments?post=116"}],"version-history":[{"count":72,"href":"https:\/\/acia.asso.fr\/index.php\/wp-json\/wp\/v2\/pages\/116\/revisions"}],"predecessor-version":[{"id":2722,"href":"https:\/\/acia.asso.fr\/index.php\/wp-json\/wp\/v2\/pages\/116\/revisions\/2722"}],"wp:attachment":[{"href":"https:\/\/acia.asso.fr\/index.php\/wp-json\/wp\/v2\/media?parent=116"}],"curies":[{"name":"wp","href":"https:\/\/api.w.org\/{rel}","templated":true}]}}